{"id":2452,"date":"2020-10-30T11:59:54","date_gmt":"2020-10-30T11:59:54","guid":{"rendered":"https:\/\/cesarservisi.hr\/news\/"},"modified":"2024-08-13T06:11:20","modified_gmt":"2024-08-13T06:11:20","slug":"news","status":"publish","type":"page","link":"https:\/\/cesarservisi.hr\/en\/news\/","title":{"rendered":"News"},"content":{"rendered":"\t\t<div data-elementor-type=\"wp-page\" data-elementor-id=\"2452\" class=\"elementor elementor-2452 elementor-338\">\n\t\t\t\t\t\t<section class=\"elementor-section elementor-top-section elementor-element elementor-element-3b5674ad elementor-section-full_width elementor-section-height-min-height elementor-section-height-default elementor-section-items-middle qodef-elementor-content-no\" data-id=\"3b5674ad\" data-element_type=\"section\" data-e-type=\"section\" data-settings=\"{&quot;background_background&quot;:&quot;classic&quot;}\">\n\t\t\t\t\t\t<div class=\"elementor-container elementor-column-gap-default\">\n\t\t\t\t\t<div class=\"elementor-column elementor-col-100 elementor-top-column elementor-element elementor-element-a3221a\" data-id=\"a3221a\" data-element_type=\"column\" data-e-type=\"column\">\n\t\t\t<div class=\"elementor-widget-wrap elementor-element-populated\">\n\t\t\t\t\t\t<div class=\"elementor-element elementor-element-23f9bf39 elementor-widget elementor-widget-text-editor\" data-id=\"23f9bf39\" data-element_type=\"widget\" data-e-type=\"widget\" data-widget_type=\"text-editor.default\">\n\t\t\t\t<div class=\"elementor-widget-container\">\n\t\t\t\t\t\t\t\t\t<h1 style=\"text-align: center;\"><span style=\"color: #ffffff;\">News<\/span><\/h1>\t\t\t\t\t\t\t\t<\/div>\n\t\t\t\t<\/div>\n\t\t\t\t\t<\/div>\n\t\t<\/div>\n\t\t\t\t\t<\/div>\n\t\t<\/section>\n\t\t\t\t<section class=\"elementor-section elementor-top-section elementor-element elementor-element-763bdb54 elementor-section-full_width elementor-section-height-default elementor-section-height-default qodef-elementor-content-no\" data-id=\"763bdb54\" data-element_type=\"section\" data-e-type=\"section\">\n\t\t\t\t\t\t<div class=\"elementor-container elementor-column-gap-default\">\n\t\t\t\t\t<div class=\"elementor-column elementor-col-100 elementor-top-column elementor-element elementor-element-2a3af878\" data-id=\"2a3af878\" data-element_type=\"column\" data-e-type=\"column\">\n\t\t\t<div class=\"elementor-widget-wrap elementor-element-populated\">\n\t\t\t\t\t\t<div class=\"elementor-element elementor-element-1e87b06 elementor-widget elementor-widget-qi_addons_for_elementor_text_marquee\" data-id=\"1e87b06\" data-element_type=\"widget\" data-e-type=\"widget\" data-widget_type=\"qi_addons_for_elementor_text_marquee.default\">\n\t\t\t\t<div class=\"elementor-widget-container\">\n\t\t\t\t\t<div class=\"qodef-shortcode qodef-m qodef-qi-text-marquee qodef-layout--default\">\n\t<div class=\"qodef-m-content\">\n\t\t<div class=\"qodef-m-text qodef-text--original\">\n\t\t\t\t\t\t\t<span class=\"qodef-m-text-item elementor-repeater-item-7cd2c38\" >News<\/span>\n\t\t\t\t\t\t\t\t\t<\/div>\n\t\t<div class=\"qodef-m-text qodef-text--copy\">\n\t\t\t\t\t\t\t<span class=\"qodef-m-text-item elementor-repeater-item-7cd2c38\" >News<\/span>\n\t\t\t\t\t\t\t\t\t<\/div>\n\t<\/div>\n<\/div>\n\t\t\t\t<\/div>\n\t\t\t\t<\/div>\n\t\t\t\t\t<\/div>\n\t\t<\/div>\n\t\t\t\t\t<\/div>\n\t\t<\/section>\n\t\t\t\t<section class=\"elementor-section elementor-top-section elementor-element elementor-element-c525d44 elementor-section-boxed elementor-section-height-default elementor-section-height-default qodef-elementor-content-no\" data-id=\"c525d44\" data-element_type=\"section\" data-e-type=\"section\">\n\t\t\t\t\t\t<div class=\"elementor-container elementor-column-gap-default\">\n\t\t\t\t\t<div class=\"elementor-column elementor-col-100 elementor-top-column elementor-element elementor-element-2f78606\" data-id=\"2f78606\" data-element_type=\"column\" data-e-type=\"column\">\n\t\t\t<div class=\"elementor-widget-wrap elementor-element-populated\">\n\t\t\t\t\t\t<div class=\"elementor-element elementor-element-5322b57 elementor-widget elementor-widget-qode_essential_addons_blog_list\" data-id=\"5322b57\" data-element_type=\"widget\" data-e-type=\"widget\" data-widget_type=\"qode_essential_addons_blog_list.default\">\n\t\t\t\t<div class=\"elementor-widget-container\">\n\t\t\t\t\t<div class=\"qodef-shortcode qodef-m  qodef-blog-shortcode qodef--list qodef-item-layout--standard qodef-content-has-background-color qodef-grid qodef-layout--masonry  qodef-gutter--normal qodef-col-num--2  qodef-item-layout--standard qodef-responsive--predefined\" >\n\t<div class=\"qodef-grid-inner\">\n\t\t\t<div class=\"qodef-grid-masonry-sizer\"><\/div>\n<article class=\"qodef-e qodef-blog-item qodef-grid-item post-2454 post type-post status-publish format-standard has-post-thumbnail hentry category-cargo category-economy\">\n\t<div class=\"qodef-e-inner\">\n\t\t<div class=\"qodef-e-media\">\n\t\t<div class=\"qodef-e-media-image\">\n\t\t<a itemprop=\"url\" href=\"https:\/\/cesarservisi.hr\/en\/how-to-properly-prepare-your-yachts-engine-for-the-winter\/\">\n\t\t\t<img fetchpriority=\"high\" decoding=\"async\" width=\"1920\" height=\"1116\" src=\"https:\/\/cesarservisi.hr\/wp-content\/uploads\/2024\/07\/ugradnja-i-servis-motora-cesar-seriv-1.jpeg\" class=\"attachment-full size-full wp-post-image\" alt=\"\" srcset=\"https:\/\/cesarservisi.hr\/wp-content\/uploads\/2024\/07\/ugradnja-i-servis-motora-cesar-seriv-1.jpeg 1920w, https:\/\/cesarservisi.hr\/wp-content\/uploads\/2024\/07\/ugradnja-i-servis-motora-cesar-seriv-1-300x174.jpeg 300w, https:\/\/cesarservisi.hr\/wp-content\/uploads\/2024\/07\/ugradnja-i-servis-motora-cesar-seriv-1-1024x595.jpeg 1024w, https:\/\/cesarservisi.hr\/wp-content\/uploads\/2024\/07\/ugradnja-i-servis-motora-cesar-seriv-1-768x446.jpeg 768w, https:\/\/cesarservisi.hr\/wp-content\/uploads\/2024\/07\/ugradnja-i-servis-motora-cesar-seriv-1-1536x893.jpeg 1536w\" sizes=\"(max-width: 1920px) 100vw, 1920px\" \/>\t\t<\/a>\n\t\t\t<\/div>\n<\/div>\n\t\t<div class=\"qodef-e-content\" >\n\t\t\t\t\t\t<div class=\"qodef-e-text\">\n\t\t\t\t<h3 itemprop=\"name\" class=\"qodef-e-title entry-title\" >\n\t<a itemprop=\"url\" class=\"qodef-e-title-link\" href=\"https:\/\/cesarservisi.hr\/en\/how-to-properly-prepare-your-yachts-engine-for-the-winter\/\">\n\t\tHOW TO PROPERLY PREPARE YOUR YACHT&#8217;S ENGINE FOR THE WINTER?\t<\/a>\n<\/h3>\n\t\t<p itemprop=\"description\" class=\"qodef-e-excerpt\">\n\t\t\tAs the fresh air of autumn begins to be felt and the sailing season draws to a close, yacht owners should start thinking about preparing their vessels for the colder months ahead. Properly winterizing your yacht&#8217;s engine is a crucial step to keeping your vessel in top condition and ready to sail as soon as [&hellip;]\t\t<\/p>\n\t\t\t\t\t<\/div>\n\t\t\t\t\t<\/div>\n\t<\/div>\n<\/article>\n<article class=\"qodef-e qodef-blog-item qodef-grid-item post-2459 post type-post status-publish format-standard has-post-thumbnail hentry category-business category-tracking\">\n\t<div class=\"qodef-e-inner\">\n\t\t<div class=\"qodef-e-media\">\n\t\t<div class=\"qodef-e-media-image\">\n\t\t<a itemprop=\"url\" href=\"https:\/\/cesarservisi.hr\/en\/the-importance-of-regular-maintenance-of-boat-engines\/\">\n\t\t\t<img decoding=\"async\" width=\"1920\" height=\"1116\" src=\"https:\/\/cesarservisi.hr\/wp-content\/uploads\/2024\/07\/ugradnja-i-servis-motora-cesar-seriv.jpeg\" class=\"attachment-full size-full wp-post-image\" alt=\"\" srcset=\"https:\/\/cesarservisi.hr\/wp-content\/uploads\/2024\/07\/ugradnja-i-servis-motora-cesar-seriv.jpeg 1920w, https:\/\/cesarservisi.hr\/wp-content\/uploads\/2024\/07\/ugradnja-i-servis-motora-cesar-seriv-300x174.jpeg 300w, https:\/\/cesarservisi.hr\/wp-content\/uploads\/2024\/07\/ugradnja-i-servis-motora-cesar-seriv-1024x595.jpeg 1024w, https:\/\/cesarservisi.hr\/wp-content\/uploads\/2024\/07\/ugradnja-i-servis-motora-cesar-seriv-768x446.jpeg 768w, https:\/\/cesarservisi.hr\/wp-content\/uploads\/2024\/07\/ugradnja-i-servis-motora-cesar-seriv-1536x893.jpeg 1536w\" sizes=\"(max-width: 1920px) 100vw, 1920px\" \/>\t\t<\/a>\n\t\t\t<\/div>\n<\/div>\n\t\t<div class=\"qodef-e-content\" >\n\t\t\t\t\t\t<div class=\"qodef-e-text\">\n\t\t\t\t<h3 itemprop=\"name\" class=\"qodef-e-title entry-title\" >\n\t<a itemprop=\"url\" class=\"qodef-e-title-link\" href=\"https:\/\/cesarservisi.hr\/en\/the-importance-of-regular-maintenance-of-boat-engines\/\">\n\t\tTHE IMPORTANCE OF REGULAR MAINTENANCE OF BOAT ENGINES\t<\/a>\n<\/h3>\n\t\t<p itemprop=\"description\" class=\"qodef-e-excerpt\">\n\t\t\tMarine engines are the foundation of marine operations providing the necessary power to propel vessels across vast oceans and through challenging weather conditions. Their importance cannot be overestimated as they directly affect the efficiency, safety and economic profitability of maritime activities. Regular maintenance of marine engines is essential to ensure their longevity, reliability and efficiency. [&hellip;]\t\t<\/p>\n\t\t\t\t\t<\/div>\n\t\t\t\t\t<\/div>\n\t<\/div>\n<\/article>\n\t<\/div>\n\t<\/div>\n\t\t\t\t<\/div>\n\t\t\t\t<\/div>\n\t\t\t\t\t<\/div>\n\t\t<\/div>\n\t\t\t\t\t<\/div>\n\t\t<\/section>\n\t\t\t\t<section class=\"elementor-section elementor-top-section elementor-element elementor-element-6885145e qodef-elementor-content-grid elementor-section-boxed elementor-section-height-default elementor-section-height-default\" data-id=\"6885145e\" data-element_type=\"section\" data-e-type=\"section\" data-settings=\"{&quot;background_background&quot;:&quot;classic&quot;}\">\n\t\t\t\t\t\t<div class=\"elementor-container elementor-column-gap-default\">\n\t\t\t\t\t<div class=\"elementor-column elementor-col-33 elementor-top-column elementor-element elementor-element-71eeccf0\" data-id=\"71eeccf0\" data-element_type=\"column\" data-e-type=\"column\">\n\t\t\t<div class=\"elementor-widget-wrap elementor-element-populated\">\n\t\t\t\t\t\t<div class=\"elementor-element elementor-element-771e3d24 elementor-widget__width-inherit elementor-widget elementor-widget-qi_addons_for_elementor_section_title\" data-id=\"771e3d24\" data-element_type=\"widget\" data-e-type=\"widget\" data-widget_type=\"qi_addons_for_elementor_section_title.default\">\n\t\t\t\t<div class=\"elementor-widget-container\">\n\t\t\t\t\t<div class=\"qodef-shortcode qodef-m qodef-qi-section-title qodef-decoration--italic qodef-link--underline-draw qodef-subtitle-icon--left\">\n\t\t\t\t\t\t<h3 class=\"qodef-m-title\">\n\t\tSEND US<br \/> AN INQUIRY\t<\/h3>\n\t\t\t<\/div>\n\t\t\t\t<\/div>\n\t\t\t\t<\/div>\n\t\t\t\t\t<\/div>\n\t\t<\/div>\n\t\t\t\t<div class=\"elementor-column elementor-col-33 elementor-top-column elementor-element elementor-element-1204a260\" data-id=\"1204a260\" data-element_type=\"column\" data-e-type=\"column\">\n\t\t\t<div class=\"elementor-widget-wrap elementor-element-populated\">\n\t\t\t\t\t\t<div class=\"elementor-element elementor-element-62b7cf16 elementor-widget elementor-widget-text-editor\" data-id=\"62b7cf16\" data-element_type=\"widget\" data-e-type=\"widget\" data-widget_type=\"text-editor.default\">\n\t\t\t\t<div class=\"elementor-widget-container\">\n\t\t\t\t\t\t\t\t\t<p style=\"text-align: left;\"><span style=\"color: #e5e9f2;\">Contact us by phone, email or visit one of our service locations. Our experts are always at your disposal.<\/span><\/p>\n\t\t\t\t\t\t\t\t<\/div>\n\t\t\t\t<\/div>\n\t\t\t\t\t<\/div>\n\t\t<\/div>\n\t\t\t\t<div class=\"elementor-column elementor-col-33 elementor-top-column elementor-element elementor-element-2b8d51d2\" data-id=\"2b8d51d2\" data-element_type=\"column\" data-e-type=\"column\">\n\t\t\t<div class=\"elementor-widget-wrap elementor-element-populated\">\n\t\t\t\t\t\t<div class=\"elementor-element elementor-element-1da3193d elementor-widget__width-auto elementor-widget elementor-widget-qi_addons_for_elementor_button\" data-id=\"1da3193d\" data-element_type=\"widget\" data-e-type=\"widget\" data-widget_type=\"qi_addons_for_elementor_button.default\">\n\t\t\t\t<div class=\"elementor-widget-container\">\n\t\t\t\t\t<a class=\"qodef-shortcode qodef-m qodef-qi-button qodef-html--link qodef-layout--outlined qodef-type--standard qodef-icon--right qodef-hover--icon-move-horizontal-short\" href=\"https:\/\/cesarservisi.hr\/en\/contact\/\" target=\"_self\">\n\t<span class=\"qodef-m-text\">CONTACT<\/span>\n\t<\/a>\n\t\t\t\t<\/div>\n\t\t\t\t<\/div>\n\t\t\t\t\t<\/div>\n\t\t<\/div>\n\t\t\t\t\t<\/div>\n\t\t<\/section>\n\t\t\t\t<\/div>\n\t\t","protected":false},"excerpt":{"rendered":"<p>News News News Kako pravilno pripremiti motor va\u0161e jahte za zimu? Kada se svje\u017e zrak jeseni po\u010dne osje\u0107ati i sezona plovidbe bli\u017ei kraju, vlasnici jahti trebaju po\u010deti razmi\u0161ljati o pripremi svojih plovila za hladnije mjesece koji dolaze. Pravilno pripremanje motora va\u0161e jahte za zimu klju\u010dan je korak kako bi va\u0161e plovilo ostalo u vrhunskom stanju [&hellip;]<\/p>\n","protected":false},"author":1,"featured_media":0,"parent":0,"menu_order":0,"comment_status":"closed","ping_status":"closed","template":"elementor_header_footer","meta":{"footnotes":""},"class_list":["post-2452","page","type-page","status-publish","hentry"],"yoast_head":"<!-- This site is optimized with the Yoast SEO plugin v27.0 - https:\/\/yoast.com\/product\/yoast-seo-wordpress\/ -->\n<title>News - Cesar Servisi<\/title>\n<meta name=\"robots\" content=\"index, follow, max-snippet:-1, max-image-preview:large, max-video-preview:-1\" \/>\n<link rel=\"canonical\" href=\"https:\/\/cesarservisi.hr\/novosti\/\" \/>\n<meta property=\"og:locale\" content=\"en_US\" \/>\n<meta property=\"og:type\" content=\"article\" \/>\n<meta property=\"og:title\" content=\"News - Cesar Servisi\" \/>\n<meta property=\"og:description\" content=\"News News News Kako pravilno pripremiti motor va\u0161e jahte za zimu? Kada se svje\u017e zrak jeseni po\u010dne osje\u0107ati i sezona plovidbe bli\u017ei kraju, vlasnici jahti trebaju po\u010deti razmi\u0161ljati o pripremi svojih plovila za hladnije mjesece koji dolaze. Pravilno pripremanje motora va\u0161e jahte za zimu klju\u010dan je korak kako bi va\u0161e plovilo ostalo u vrhunskom stanju [&hellip;]\" \/>\n<meta property=\"og:url\" content=\"https:\/\/cesarservisi.hr\/novosti\/\" \/>\n<meta property=\"og:site_name\" content=\"Cesar Servisi\" \/>\n<meta property=\"article:publisher\" content=\"https:\/\/web.facebook.com\/CESARmarineserviceyachting1\" \/>\n<meta property=\"article:modified_time\" content=\"2024-08-13T06:11:20+00:00\" \/>\n<meta property=\"og:image\" content=\"https:\/\/cesarservisi.hr\/wp-content\/uploads\/2024\/07\/ugradnja-i-servis-motora-cesar-seriv-1.jpeg\" \/>\n<meta name=\"twitter:card\" content=\"summary_large_image\" \/>\n<meta name=\"twitter:label1\" content=\"Est. reading time\" \/>\n\t<meta name=\"twitter:data1\" content=\"2 minutes\" \/>\n<script type=\"application\/ld+json\" class=\"yoast-schema-graph\">{\"@context\":\"https:\/\/schema.org\",\"@graph\":[{\"@type\":\"WebPage\",\"@id\":\"https:\/\/cesarservisi.hr\/novosti\/\",\"url\":\"https:\/\/cesarservisi.hr\/novosti\/\",\"name\":\"News - Cesar Servisi\",\"isPartOf\":{\"@id\":\"https:\/\/cesarservisi.hr\/#website\"},\"primaryImageOfPage\":{\"@id\":\"https:\/\/cesarservisi.hr\/novosti\/#primaryimage\"},\"image\":{\"@id\":\"https:\/\/cesarservisi.hr\/novosti\/#primaryimage\"},\"thumbnailUrl\":\"https:\/\/cesarservisi.hr\/wp-content\/uploads\/2024\/07\/ugradnja-i-servis-motora-cesar-seriv-1.jpeg\",\"datePublished\":\"2020-10-30T11:59:54+00:00\",\"dateModified\":\"2024-08-13T06:11:20+00:00\",\"breadcrumb\":{\"@id\":\"https:\/\/cesarservisi.hr\/novosti\/#breadcrumb\"},\"inLanguage\":\"en-US\",\"potentialAction\":[{\"@type\":\"ReadAction\",\"target\":[\"https:\/\/cesarservisi.hr\/novosti\/\"]}]},{\"@type\":\"ImageObject\",\"inLanguage\":\"en-US\",\"@id\":\"https:\/\/cesarservisi.hr\/novosti\/#primaryimage\",\"url\":\"https:\/\/cesarservisi.hr\/wp-content\/uploads\/2024\/07\/ugradnja-i-servis-motora-cesar-seriv-1.jpeg\",\"contentUrl\":\"https:\/\/cesarservisi.hr\/wp-content\/uploads\/2024\/07\/ugradnja-i-servis-motora-cesar-seriv-1.jpeg\"},{\"@type\":\"BreadcrumbList\",\"@id\":\"https:\/\/cesarservisi.hr\/novosti\/#breadcrumb\",\"itemListElement\":[{\"@type\":\"ListItem\",\"position\":1,\"name\":\"Po\u010detna stranica\",\"item\":\"https:\/\/cesarservisi.hr\/en\/\"},{\"@type\":\"ListItem\",\"position\":2,\"name\":\"News\"}]},{\"@type\":\"WebSite\",\"@id\":\"https:\/\/cesarservisi.hr\/#website\",\"url\":\"https:\/\/cesarservisi.hr\/\",\"name\":\"Cesar Servisi\",\"description\":\"Va\u0161 pouzdan partner za servisiranje i odr\u017eavanje brodskih motora I agregata\",\"publisher\":{\"@id\":\"https:\/\/cesarservisi.hr\/#organization\"},\"potentialAction\":[{\"@type\":\"SearchAction\",\"target\":{\"@type\":\"EntryPoint\",\"urlTemplate\":\"https:\/\/cesarservisi.hr\/?s={search_term_string}\"},\"query-input\":{\"@type\":\"PropertyValueSpecification\",\"valueRequired\":true,\"valueName\":\"search_term_string\"}}],\"inLanguage\":\"en-US\"},{\"@type\":\"Organization\",\"@id\":\"https:\/\/cesarservisi.hr\/#organization\",\"name\":\"Cesar Servisi\",\"url\":\"https:\/\/cesarservisi.hr\/\",\"logo\":{\"@type\":\"ImageObject\",\"inLanguage\":\"en-US\",\"@id\":\"https:\/\/cesarservisi.hr\/#\/schema\/logo\/image\/\",\"url\":\"https:\/\/cesarservisi.hr\/wp-content\/uploads\/2024\/07\/cesar-servis-logo.png\",\"contentUrl\":\"https:\/\/cesarservisi.hr\/wp-content\/uploads\/2024\/07\/cesar-servis-logo.png\",\"width\":869,\"height\":355,\"caption\":\"Cesar Servisi\"},\"image\":{\"@id\":\"https:\/\/cesarservisi.hr\/#\/schema\/logo\/image\/\"},\"sameAs\":[\"https:\/\/web.facebook.com\/CESARmarineserviceyachting1\"]}]}<\/script>\n<!-- \/ Yoast SEO plugin. -->","yoast_head_json":{"title":"News - Cesar Servisi","robots":{"index":"index","follow":"follow","max-snippet":"max-snippet:-1","max-image-preview":"max-image-preview:large","max-video-preview":"max-video-preview:-1"},"canonical":"https:\/\/cesarservisi.hr\/novosti\/","og_locale":"en_US","og_type":"article","og_title":"News - Cesar Servisi","og_description":"News News News Kako pravilno pripremiti motor va\u0161e jahte za zimu? Kada se svje\u017e zrak jeseni po\u010dne osje\u0107ati i sezona plovidbe bli\u017ei kraju, vlasnici jahti trebaju po\u010deti razmi\u0161ljati o pripremi svojih plovila za hladnije mjesece koji dolaze. Pravilno pripremanje motora va\u0161e jahte za zimu klju\u010dan je korak kako bi va\u0161e plovilo ostalo u vrhunskom stanju [&hellip;]","og_url":"https:\/\/cesarservisi.hr\/novosti\/","og_site_name":"Cesar Servisi","article_publisher":"https:\/\/web.facebook.com\/CESARmarineserviceyachting1","article_modified_time":"2024-08-13T06:11:20+00:00","og_image":[{"url":"https:\/\/cesarservisi.hr\/wp-content\/uploads\/2024\/07\/ugradnja-i-servis-motora-cesar-seriv-1.jpeg","type":"","width":"","height":""}],"twitter_card":"summary_large_image","twitter_misc":{"Est. reading time":"2 minutes"},"schema":{"@context":"https:\/\/schema.org","@graph":[{"@type":"WebPage","@id":"https:\/\/cesarservisi.hr\/novosti\/","url":"https:\/\/cesarservisi.hr\/novosti\/","name":"News - Cesar Servisi","isPartOf":{"@id":"https:\/\/cesarservisi.hr\/#website"},"primaryImageOfPage":{"@id":"https:\/\/cesarservisi.hr\/novosti\/#primaryimage"},"image":{"@id":"https:\/\/cesarservisi.hr\/novosti\/#primaryimage"},"thumbnailUrl":"https:\/\/cesarservisi.hr\/wp-content\/uploads\/2024\/07\/ugradnja-i-servis-motora-cesar-seriv-1.jpeg","datePublished":"2020-10-30T11:59:54+00:00","dateModified":"2024-08-13T06:11:20+00:00","breadcrumb":{"@id":"https:\/\/cesarservisi.hr\/novosti\/#breadcrumb"},"inLanguage":"en-US","potentialAction":[{"@type":"ReadAction","target":["https:\/\/cesarservisi.hr\/novosti\/"]}]},{"@type":"ImageObject","inLanguage":"en-US","@id":"https:\/\/cesarservisi.hr\/novosti\/#primaryimage","url":"https:\/\/cesarservisi.hr\/wp-content\/uploads\/2024\/07\/ugradnja-i-servis-motora-cesar-seriv-1.jpeg","contentUrl":"https:\/\/cesarservisi.hr\/wp-content\/uploads\/2024\/07\/ugradnja-i-servis-motora-cesar-seriv-1.jpeg"},{"@type":"BreadcrumbList","@id":"https:\/\/cesarservisi.hr\/novosti\/#breadcrumb","itemListElement":[{"@type":"ListItem","position":1,"name":"Po\u010detna stranica","item":"https:\/\/cesarservisi.hr\/en\/"},{"@type":"ListItem","position":2,"name":"News"}]},{"@type":"WebSite","@id":"https:\/\/cesarservisi.hr\/#website","url":"https:\/\/cesarservisi.hr\/","name":"Cesar Servisi","description":"Va\u0161 pouzdan partner za servisiranje i odr\u017eavanje brodskih motora I agregata","publisher":{"@id":"https:\/\/cesarservisi.hr\/#organization"},"potentialAction":[{"@type":"SearchAction","target":{"@type":"EntryPoint","urlTemplate":"https:\/\/cesarservisi.hr\/?s={search_term_string}"},"query-input":{"@type":"PropertyValueSpecification","valueRequired":true,"valueName":"search_term_string"}}],"inLanguage":"en-US"},{"@type":"Organization","@id":"https:\/\/cesarservisi.hr\/#organization","name":"Cesar Servisi","url":"https:\/\/cesarservisi.hr\/","logo":{"@type":"ImageObject","inLanguage":"en-US","@id":"https:\/\/cesarservisi.hr\/#\/schema\/logo\/image\/","url":"https:\/\/cesarservisi.hr\/wp-content\/uploads\/2024\/07\/cesar-servis-logo.png","contentUrl":"https:\/\/cesarservisi.hr\/wp-content\/uploads\/2024\/07\/cesar-servis-logo.png","width":869,"height":355,"caption":"Cesar Servisi"},"image":{"@id":"https:\/\/cesarservisi.hr\/#\/schema\/logo\/image\/"},"sameAs":["https:\/\/web.facebook.com\/CESARmarineserviceyachting1"]}]}},"_links":{"self":[{"href":"https:\/\/cesarservisi.hr\/en\/wp-json\/wp\/v2\/pages\/2452","targetHints":{"allow":["GET"]}}],"collection":[{"href":"https:\/\/cesarservisi.hr\/en\/wp-json\/wp\/v2\/pages"}],"about":[{"href":"https:\/\/cesarservisi.hr\/en\/wp-json\/wp\/v2\/types\/page"}],"author":[{"embeddable":true,"href":"https:\/\/cesarservisi.hr\/en\/wp-json\/wp\/v2\/users\/1"}],"replies":[{"embeddable":true,"href":"https:\/\/cesarservisi.hr\/en\/wp-json\/wp\/v2\/comments?post=2452"}],"version-history":[{"count":7,"href":"https:\/\/cesarservisi.hr\/en\/wp-json\/wp\/v2\/pages\/2452\/revisions"}],"predecessor-version":[{"id":2962,"href":"https:\/\/cesarservisi.hr\/en\/wp-json\/wp\/v2\/pages\/2452\/revisions\/2962"}],"wp:attachment":[{"href":"https:\/\/cesarservisi.hr\/en\/wp-json\/wp\/v2\/media?parent=2452"}],"curies":[{"name":"wp","href":"https:\/\/api.w.org\/{rel}","templated":true}]}}